{"id":1461,"date":"2023-03-13T10:30:23","date_gmt":"2023-03-13T13:30:23","guid":{"rendered":"https:\/\/papaleguas.guiase.net\/?post_type=product&amp;p=1461"},"modified":"2023-03-13T10:30:23","modified_gmt":"2023-03-13T13:30:23","slug":"tampa-de-aluminio","status":"publish","type":"product","link":"https:\/\/papaleguasfogoes.com.br\/index.php\/produto\/tampa-de-aluminio\/","title":{"rendered":"Tampa de Alum\u00ednio"},"content":{"rendered":"<p>Com alta durabilidade e de f\u00e1cil manuseio e limpeza, pode ser utilizado diretamente sobre a chama de fog\u00f5es ou fogareiros a g\u00e1s. Indicado para preparo r\u00e1pido de carnes e legumes.<\/p>\n<ul>\n<li>Estrutura em chapa de a\u00e7o;<\/li>\n<\/ul>\n","protected":false},"excerpt":{"rendered":"<p>Com alta durabilidade e de f\u00e1cil manuseio e limpeza, pode ser utilizado diretamente sobre a chama de fog\u00f5es ou fogareiros a g\u00e1s. Indicado para preparo r\u00e1pido de carnes e legumes. Estrutura em chapa de a\u00e7o;<\/p>\n","protected":false},"featured_media":1291,"comment_status":"open","ping_status":"closed","template":"","meta":{"_et_pb_use_builder":"","_et_pb_old_content":"","_et_gb_content_width":""},"product_brand":[],"product_cat":[20],"product_tag":[],"class_list":{"0":"post-1461","1":"product","2":"type-product","3":"status-publish","4":"has-post-thumbnail","6":"product_cat-discos","8":"first","9":"instock","10":"shipping-taxable","11":"product-type-simple"},"_links":{"self":[{"href":"https:\/\/papaleguasfogoes.com.br\/index.php\/wp-json\/wp\/v2\/product\/1461","targetHints":{"allow":["GET"]}}],"collection":[{"href":"https:\/\/papaleguasfogoes.com.br\/index.php\/wp-json\/wp\/v2\/product"}],"about":[{"href":"https:\/\/papaleguasfogoes.com.br\/index.php\/wp-json\/wp\/v2\/types\/product"}],"replies":[{"embeddable":true,"href":"https:\/\/papaleguasfogoes.com.br\/index.php\/wp-json\/wp\/v2\/comments?post=1461"}],"wp:featuredmedia":[{"embeddable":true,"href":"https:\/\/papaleguasfogoes.com.br\/index.php\/wp-json\/wp\/v2\/media\/1291"}],"wp:attachment":[{"href":"https:\/\/papaleguasfogoes.com.br\/index.php\/wp-json\/wp\/v2\/media?parent=1461"}],"wp:term":[{"taxonomy":"product_brand","embeddable":true,"href":"https:\/\/papaleguasfogoes.com.br\/index.php\/wp-json\/wp\/v2\/product_brand?post=1461"},{"taxonomy":"product_cat","embeddable":true,"href":"https:\/\/papaleguasfogoes.com.br\/index.php\/wp-json\/wp\/v2\/product_cat?post=1461"},{"taxonomy":"product_tag","embeddable":true,"href":"https:\/\/papaleguasfogoes.com.br\/index.php\/wp-json\/wp\/v2\/product_tag?post=1461"}],"curies":[{"name":"wp","href":"https:\/\/api.w.org\/{rel}","templated":true}]}}