{"id":1456,"date":"2023-03-13T10:01:48","date_gmt":"2023-03-13T13:01:48","guid":{"rendered":"https:\/\/papaleguas.guiase.net\/?post_type=product&amp;p=1456"},"modified":"2023-03-13T10:01:48","modified_gmt":"2023-03-13T13:01:48","slug":"disco-ferro-lixado-com-cabos-para-churrasqueira","status":"publish","type":"product","link":"https:\/\/papaleguasfogoes.com.br\/index.php\/produto\/disco-ferro-lixado-com-cabos-para-churrasqueira\/","title":{"rendered":"Disco Ferro Lixado Com Cabos Para Churrasqueira"},"content":{"rendered":"<p>Com alta durabilidade e de f\u00e1cil manuseio e limpeza, pode ser utilizado diretamente sobre a chama de fog\u00f5es ou fogareiros a g\u00e1s. Indicado para preparo r\u00e1pido de carnes e legumes.<\/p>\n<ul>\n<li>Estrutura em chapa de a\u00e7o;<\/li>\n<\/ul>\n","protected":false},"excerpt":{"rendered":"<p>Com alta durabilidade e de f\u00e1cil manuseio e limpeza, pode ser utilizado diretamente sobre a chama de fog\u00f5es ou fogareiros a g\u00e1s. Indicado para preparo r\u00e1pido de carnes e legumes. Estrutura em chapa de a\u00e7o;<\/p>\n","protected":false},"featured_media":1301,"comment_status":"open","ping_status":"closed","template":"","meta":{"_et_pb_use_builder":"","_et_pb_old_content":"","_et_gb_content_width":""},"product_brand":[],"product_cat":[20],"product_tag":[],"class_list":{"0":"post-1456","1":"product","2":"type-product","3":"status-publish","4":"has-post-thumbnail","6":"product_cat-discos","8":"first","9":"instock","10":"shipping-taxable","11":"product-type-simple"},"_links":{"self":[{"href":"https:\/\/papaleguasfogoes.com.br\/index.php\/wp-json\/wp\/v2\/product\/1456","targetHints":{"allow":["GET"]}}],"collection":[{"href":"https:\/\/papaleguasfogoes.com.br\/index.php\/wp-json\/wp\/v2\/product"}],"about":[{"href":"https:\/\/papaleguasfogoes.com.br\/index.php\/wp-json\/wp\/v2\/types\/product"}],"replies":[{"embeddable":true,"href":"https:\/\/papaleguasfogoes.com.br\/index.php\/wp-json\/wp\/v2\/comments?post=1456"}],"wp:featuredmedia":[{"embeddable":true,"href":"https:\/\/papaleguasfogoes.com.br\/index.php\/wp-json\/wp\/v2\/media\/1301"}],"wp:attachment":[{"href":"https:\/\/papaleguasfogoes.com.br\/index.php\/wp-json\/wp\/v2\/media?parent=1456"}],"wp:term":[{"taxonomy":"product_brand","embeddable":true,"href":"https:\/\/papaleguasfogoes.com.br\/index.php\/wp-json\/wp\/v2\/product_brand?post=1456"},{"taxonomy":"product_cat","embeddable":true,"href":"https:\/\/papaleguasfogoes.com.br\/index.php\/wp-json\/wp\/v2\/product_cat?post=1456"},{"taxonomy":"product_tag","embeddable":true,"href":"https:\/\/papaleguasfogoes.com.br\/index.php\/wp-json\/wp\/v2\/product_tag?post=1456"}],"curies":[{"name":"wp","href":"https:\/\/api.w.org\/{rel}","templated":true}]}}